{"id":18,"date":"2019-01-02T20:25:50","date_gmt":"2019-01-02T19:25:50","guid":{"rendered":"http:\/\/3lignes.fr\/?page_id=18"},"modified":"2026-03-10T18:48:12","modified_gmt":"2026-03-10T17:48:12","slug":"a-propos","status":"publish","type":"page","link":"https:\/\/3lignes.fr\/index.php\/a-propos\/","title":{"rendered":"A propos"},"content":{"rendered":"\n<h3><strong>Nicolas PURNU<\/strong><\/h3>\n\n\n\n<div class=\"wp-block-image\"><figure class=\"alignright size-large is-resized\"><img loading=\"lazy\" src=\"https:\/\/3lignes.fr\/wp-content\/uploads\/2021\/06\/Portrait-1.png\" alt=\"\" class=\"wp-image-311\" width=\"256\" height=\"200\" srcset=\"https:\/\/3lignes.fr\/wp-content\/uploads\/2021\/06\/Portrait-1.png 1024w, https:\/\/3lignes.fr\/wp-content\/uploads\/2021\/06\/Portrait-1-300x234.png 300w, https:\/\/3lignes.fr\/wp-content\/uploads\/2021\/06\/Portrait-1-768x600.png 768w\" sizes=\"(max-width: 256px) 100vw, 256px\" \/><figcaption><span style=\"color:#f6f9fb\" class=\"has-inline-color\">L&rsquo;air fatigu\u00e9 et les cheveux qui commencent \u00e0 se faire rares : une bien belle photo !<\/span><\/figcaption><\/figure><\/div>\n\n\n<p><span style=\"color: #000000;\">\u00ab\u00a0Dessines-tu toujours des bateaux ?\u00a0\u00bb C&rsquo;est ce que m&rsquo;a demand\u00e9 par hasard mon institutrice de moyenne section il y a quelques temps. Force est de constater que oui ! Passionn\u00e9 depuis toujours donc, je suis un pur produit de l&rsquo;\u00e9cole Nantaise en ayant suivi un double parcours en architecture et en architecture navale. Cette double culture m&rsquo;accompagne au quotidien dans ma d\u00e9marche.<\/span><\/p>\n<p><span style=\"color: #000000;\">De 2004 \u00e0 2018, j&rsquo;ai eu la chance travailler comme architecte naval au sein du cabinet de<a style=\"color: #000000;\" href=\"https:\/\/marclombard.com\/\"> Marc LOMBARD<\/a> o\u00f9 j&rsquo;ai notamment d\u00e9velopp\u00e9 de nombreux avant-projets. Parmi les autres projets sur lesquels j&rsquo;ai \u00e9galement travaill\u00e9 durant toutes ces ann\u00e9es, je retiendrai peut-\u00eatre en particulier les Futuna 70, Nautitech Open 40, Privil\u00e8ge S\u00e9rie 6, Neel 47 et le Pabouk Love&#8230;mais il y en a tant d&rsquo;autres !<br \/><\/span><\/p>\n<p><span style=\"color: #000000;\">Fin 2018, je quitte La Rochelle pour un retour vers la Bretagne de mes grands-parents. Je cr\u00e9e 3 Lignes Architecture Navale \u00e0 Lorient au d\u00e9but de 2019.<br \/><\/span><\/p>\n<p style=\"padding-left: 30px;\"><span style=\"color: #000000;\">Plus de 20 ans de pratique professionnelle dont 14 au sein du cabinet <a style=\"color: #000000;\" href=\"https:\/\/marclombard.com\/\" target=\"_blank\" rel=\"noopener\">Marc LOMBARD<\/a><br \/><\/span><\/p>\n<p style=\"padding-left: 30px;\"><span style=\"color: #000000;\">Architecte Naval DPEA, Ecole Sup\u00e9rieure d&rsquo;Architecture de Nantes, 2004<br \/><\/span><\/p>\n<p style=\"padding-left: 30px;\"><span style=\"color: #000000;\">Architecte DPLG, Ecole Sup\u00e9rieure d&rsquo;Architecture de Nantes, 2004<\/span><\/p>\n\n\n<p class=\"has-white-color has-text-color\">.<\/p>\n\n\n\n<h3><strong>3 Lignes Architecture Navale<\/strong><\/h3>\n\n\n\n<div class=\"wp-block-media-text alignwide has-media-on-the-right is-stacked-on-mobile\" style=\"grid-template-columns:auto 29%\"><figure class=\"wp-block-media-text__media\"><img loading=\"lazy\" width=\"1022\" height=\"1024\" src=\"https:\/\/3lignes.fr\/wp-content\/uploads\/2021\/06\/LOGO-2021-2-2-1022x1024.png\" alt=\"\" class=\"wp-image-330 size-large\" srcset=\"https:\/\/3lignes.fr\/wp-content\/uploads\/2021\/06\/LOGO-2021-2-2-1022x1024.png 1022w, https:\/\/3lignes.fr\/wp-content\/uploads\/2021\/06\/LOGO-2021-2-2-300x300.png 300w, https:\/\/3lignes.fr\/wp-content\/uploads\/2021\/06\/LOGO-2021-2-2-150x150.png 150w, https:\/\/3lignes.fr\/wp-content\/uploads\/2021\/06\/LOGO-2021-2-2-768x770.png 768w, https:\/\/3lignes.fr\/wp-content\/uploads\/2021\/06\/LOGO-2021-2-2-1532x1536.png 1532w, https:\/\/3lignes.fr\/wp-content\/uploads\/2021\/06\/LOGO-2021-2-2-2043x2048.png 2043w\" sizes=\"(max-width: 1022px) 100vw, 1022px\" \/><\/figure><div class=\"wp-block-media-text__content\">\n<h3 class=\"has-black-color has-text-color\">Conception de bateaux<\/h3>\n\n\n\n<p class=\"has-text-align-left has-black-color has-text-color\">Programme de plaisance ou de servitude<\/p>\n\n\n\n<p class=\"has-text-align-left has-black-color has-text-color\">Configuration monocoques ou multicoques<\/p>\n\n\n\n<p class=\"has-text-align-left has-black-color has-text-color\">Propulsion voile ou moteur<\/p>\n\n\n\n<p class=\"has-text-align-left has-black-color has-text-color\">Domaine fluvial ou maritime<\/p>\n\n\n\n<h3 class=\"alignfull has-black-color has-text-color\">Prestation de services<\/h3>\n\n\n\n<p class=\"has-black-color has-text-color\">Design, \u00e9tudes de faisabilit\u00e9, \u00e9tudes avant-projets, mission de base compl\u00e8te<\/p>\n\n\n\n<p class=\"has-black-color has-text-color\">Mod\u00e9lisation 3d avant r\u00e9alisation d&rsquo;outillages (pr\u00e9formes, moules)<\/p>\n\n\n\n<p class=\"has-black-color has-text-color\">Etudes techniques 2d et 3d<\/p>\n\n\n\n<p class=\"has-black-color has-text-color\">Etudes de stabilit\u00e9<\/p>\n<\/div><\/div>\n\n\n\n<p class=\"has-white-color has-text-color\">.<\/p>\n\n\n\n<h3><strong>Ils nous font confiance<\/strong><\/h3>\n\n\n\n<p class=\"has-black-color has-text-color\"><a href=\"https:\/\/www.jfa-yachts.com\/fr\/\" target=\"_blank\" rel=\"noreferrer noopener\">JFA Yachts<\/a>, Chantier Naval, Concarneau, France : <em>Etudes diverses, Conception 2d, mod\u00e9lisation 3d, imagerie, design<\/em><\/p>\n\n\n\n<p class=\"has-black-color has-text-color\"><a rel=\"noreferrer noopener\" href=\"https:\/\/mv-boat.com\/\" target=\"_blank\">MV-BOAT<\/a>, Chantier Naval, Troncens, France : <em>Conception du Wynot<\/em><\/p>\n\n\n\n<p class=\"has-black-color has-text-color\"><a href=\"https:\/\/www.stemmarine.it\/fr\/\" data-type=\"URL\" data-id=\"https:\/\/www.stemmarine.it\/fr\/\" target=\"_blank\" rel=\"noreferrer noopener\">STEM MARINE<\/a>, Chantier Naval, Medesano, Italie : <em>Conception du Stem 50<\/em><\/p>\n\n\n\n<p class=\"has-black-color has-text-color\"><span class=\"has-inline-color has-black-color\"><a rel=\"noreferrer noopener\" href=\"https:\/\/www.windpearl.com\/\" target=\"_blank\">WINDPEARL YACHTS<\/a>, Chantier Naval, La Rochelle, France : <em>Conception des Pal<\/em><\/span><em><span class=\"has-inline-color has-black-color\">ma 30<\/span> et Ventio<\/em><\/p>\n\n\n\n<p class=\"has-black-color has-text-color\"><a href=\"https:\/\/www.darnet-design.com\/yacht-design\/\" target=\"_blank\" rel=\"noreferrer noopener\">DARNET DESIGN<\/a>, designer, Nantes, France :<em> Mod\u00e9lisation et conception 3d<\/em><\/p>\n\n\n\n<p class=\"has-black-color has-text-color\"><a href=\"https:\/\/niveltmuratet.wordpress.com\/\" target=\"_blank\" rel=\"noreferrer noopener\">BERNARD NIVELT<\/a>, architecte naval, La Rochelle, France :<em> Mod\u00e9lisation 3d, Plans techniques&#8230;<\/em><\/p>\n\n\n\n<p class=\"has-black-color has-text-color\">ROYAL CARIBBEAN, compagnie maritime, Miami, Etats-Unis :<em> Design, Mod\u00e9lisation 3d, Imagerie&#8230;<\/em><\/p>\n\n\n\n<p class=\"has-black-color has-text-color\"><\/p>\n","protected":false},"excerpt":{"rendered":"<p>Nicolas PURNU \u00ab\u00a0Dessines-tu toujours des bateaux ?\u00a0\u00bb C&rsquo;est ce que m&rsquo;a demand\u00e9 par hasard mon institutrice de moyenne section il y a quelques temps. Force est de constater que oui ! Passionn\u00e9 depuis toujours donc, je suis un pur produit de l&rsquo;\u00e9cole Nantaise en ayant suivi un double parcours en&#8230;<\/p>\n","protected":false},"author":1,"featured_media":0,"parent":0,"menu_order":0,"comment_status":"closed","ping_status":"closed","template":"","meta":[],"_links":{"self":[{"href":"https:\/\/3lignes.fr\/index.php\/wp-json\/wp\/v2\/pages\/18"}],"collection":[{"href":"https:\/\/3lignes.fr\/index.php\/wp-json\/wp\/v2\/pages"}],"about":[{"href":"https:\/\/3lignes.fr\/index.php\/wp-json\/wp\/v2\/types\/page"}],"author":[{"embeddable":true,"href":"https:\/\/3lignes.fr\/index.php\/wp-json\/wp\/v2\/users\/1"}],"replies":[{"embeddable":true,"href":"https:\/\/3lignes.fr\/index.php\/wp-json\/wp\/v2\/comments?post=18"}],"version-history":[{"count":39,"href":"https:\/\/3lignes.fr\/index.php\/wp-json\/wp\/v2\/pages\/18\/revisions"}],"predecessor-version":[{"id":728,"href":"https:\/\/3lignes.fr\/index.php\/wp-json\/wp\/v2\/pages\/18\/revisions\/728"}],"wp:attachment":[{"href":"https:\/\/3lignes.fr\/index.php\/wp-json\/wp\/v2\/media?parent=18"}],"curies":[{"name":"wp","href":"https:\/\/api.w.org\/{rel}","templated":true}]}}